{"id":2489,"date":"2022-04-07T17:30:11","date_gmt":"2022-04-07T20:30:11","guid":{"rendered":"https:\/\/www.ektor.com.br\/site\/?page_id=2489"},"modified":"2022-06-17T16:56:59","modified_gmt":"2022-06-17T19:56:59","slug":"trabalhe-conosco","status":"publish","type":"page","link":"https:\/\/www.ektor.com.br\/site\/trabalhe-conosco\/","title":{"rendered":"Trabalhe conosco"},"content":{"rendered":"\t\t<div data-elementor-type=\"wp-page\" data-elementor-id=\"2489\" class=\"elementor elementor-2489\">\n\t\t\t\t\t\t\t\t\t<section class=\"elementor-section elementor-top-section elementor-element elementor-element-bc4e2da elementor-section-boxed elementor-section-height-default elementor-section-height-default\" data-id=\"bc4e2da\" data-element_type=\"section\">\n\t\t\t\t\t\t<div class=\"elementor-container elementor-column-gap-default\">\n\t\t\t\t\t<div class=\"elementor-column elementor-col-100 elementor-top-column elementor-element elementor-element-ad55358\" data-id=\"ad55358\" data-element_type=\"column\">\n\t\t\t<div class=\"elementor-widget-wrap elementor-element-populated\">\n\t\t\t\t\t\t\t\t\t<\/div>\n\t\t<\/div>\n\t\t\t\t\t\t\t<\/div>\n\t\t<\/section>\n\t\t\t\t<section class=\"elementor-section elementor-top-section elementor-element elementor-element-879d0cf elementor-section-boxed elementor-section-height-default elementor-section-height-default\" data-id=\"879d0cf\" data-element_type=\"section\">\n\t\t\t\t\t\t<div class=\"elementor-container elementor-column-gap-default\">\n\t\t\t\t\t<div class=\"elementor-column elementor-col-50 elementor-top-column elementor-element elementor-element-b024cec\" data-id=\"b024cec\" data-element_type=\"column\">\n\t\t\t<div class=\"elementor-widget-wrap\">\n\t\t\t\t\t\t\t\t\t<\/div>\n\t\t<\/div>\n\t\t\t\t<div class=\"elementor-column elementor-col-50 elementor-top-column elementor-element elementor-element-72491c8\" data-id=\"72491c8\" data-element_type=\"column\">\n\t\t\t<div class=\"elementor-widget-wrap\">\n\t\t\t\t\t\t\t\t\t<\/div>\n\t\t<\/div>\n\t\t\t\t\t\t\t<\/div>\n\t\t<\/section>\n\t\t\t\t<section class=\"elementor-section elementor-top-section elementor-element elementor-element-6da9815 elementor-section-boxed elementor-section-height-default elementor-section-height-default\" data-id=\"6da9815\" data-element_type=\"section\">\n\t\t\t\t\t\t<div class=\"elementor-container elementor-column-gap-default\">\n\t\t\t\t\t<div class=\"elementor-column elementor-col-100 elementor-top-column elementor-element elementor-element-42499ab\" data-id=\"42499ab\" data-element_type=\"column\">\n\t\t\t<div class=\"elementor-widget-wrap elementor-element-populated\">\n\t\t\t\t\t\t\t\t<div class=\"elementor-element elementor-element-2e9c364 elementor-widget elementor-widget-spacer\" data-id=\"2e9c364\" data-element_type=\"widget\" data-widget_type=\"spacer.default\">\n\t\t\t\t<div class=\"elementor-widget-container\">\n\t\t\t<style>\/*! elementor - v3.6.6 - 08-06-2022 *\/\n.e-container.e-container--row .elementor-spacer-inner{width:var(--spacer-size)}.e-container.e-container--column .elementor-spacer-inner,.elementor-column .elementor-spacer-inner{height:var(--spacer-size)}<\/style>\t\t<div class=\"elementor-spacer\">\n\t\t\t<div class=\"elementor-spacer-inner\"><\/div>\n\t\t<\/div>\n\t\t\t\t<\/div>\n\t\t\t\t<\/div>\n\t\t\t\t<div class=\"elementor-element elementor-element-516aad2 elementor-widget elementor-widget-heading\" data-id=\"516aad2\" data-element_type=\"widget\" data-widget_type=\"heading.default\">\n\t\t\t\t<div class=\"elementor-widget-container\">\n\t\t\t<style>\/*! elementor - v3.6.6 - 08-06-2022 *\/\n.elementor-heading-title{padding:0;margin:0;line-height:1}.elementor-widget-heading .elementor-heading-title[class*=elementor-size-]>a{color:inherit;font-size:inherit;line-height:inherit}.elementor-widget-heading .elementor-heading-title.elementor-size-small{font-size:15px}.elementor-widget-heading .elementor-heading-title.elementor-size-medium{font-size:19px}.elementor-widget-heading .elementor-heading-title.elementor-size-large{font-size:29px}.elementor-widget-heading .elementor-heading-title.elementor-size-xl{font-size:39px}.elementor-widget-heading .elementor-heading-title.elementor-size-xxl{font-size:59px}<\/style><h2 class=\"elementor-heading-title elementor-size-default\">Trabalhe conosco<\/h2>\t\t<\/div>\n\t\t\t\t<\/div>\n\t\t\t\t\t<\/div>\n\t\t<\/div>\n\t\t\t\t\t\t\t<\/div>\n\t\t<\/section>\n\t\t\t\t<section class=\"elementor-section elementor-top-section elementor-element elementor-element-7d63d82 elementor-section-boxed elementor-section-height-default elementor-section-height-default\" data-id=\"7d63d82\" data-element_type=\"section\">\n\t\t\t\t\t\t<div class=\"elementor-container elementor-column-gap-default\">\n\t\t\t\t\t<div class=\"elementor-column elementor-col-50 elementor-top-column elementor-element elementor-element-2c88e98\" data-id=\"2c88e98\" data-element_type=\"column\">\n\t\t\t<div class=\"elementor-widget-wrap elementor-element-populated\">\n\t\t\t\t\t\t\t\t<div class=\"elementor-element elementor-element-24765b4 elementor-widget elementor-widget-spacer\" data-id=\"24765b4\" data-element_type=\"widget\" data-widget_type=\"spacer.default\">\n\t\t\t\t<div class=\"elementor-widget-container\">\n\t\t\t\t\t<div class=\"elementor-spacer\">\n\t\t\t<div class=\"elementor-spacer-inner\"><\/div>\n\t\t<\/div>\n\t\t\t\t<\/div>\n\t\t\t\t<\/div>\n\t\t\t\t<div class=\"elementor-element elementor-element-f1e29a5 elementor-widget elementor-widget-text-editor\" data-id=\"f1e29a5\" data-element_type=\"widget\" data-widget_type=\"text-editor.default\">\n\t\t\t\t<div class=\"elementor-widget-container\">\n\t\t\t<style>\/*! elementor - v3.6.6 - 08-06-2022 *\/\n.elementor-widget-text-editor.elementor-drop-cap-view-stacked .elementor-drop-cap{background-color:#818a91;color:#fff}.elementor-widget-text-editor.elementor-drop-cap-view-framed .elementor-drop-cap{color:#818a91;border:3px solid;background-color:transparent}.elementor-widget-text-editor:not(.elementor-drop-cap-view-default) .elementor-drop-cap{margin-top:8px}.elementor-widget-text-editor:not(.elementor-drop-cap-view-default) .elementor-drop-cap-letter{width:1em;height:1em}.elementor-widget-text-editor .elementor-drop-cap{float:left;text-align:center;line-height:1;font-size:50px}.elementor-widget-text-editor .elementor-drop-cap-letter{display:inline-block}<\/style>\t\t\t\t<p>Fa\u00e7a parte do nosso time de colaboradores.<br \/>Envie-nos seu curriculo para vaga desejada.<br \/>No campo mensagem, fa\u00e7a sua apresenta\u00e7\u00e3o.<br \/>Essa ficha ser\u00e1 remetida para o email:<br \/><b>recrutamento@ektor.com.br<\/b><\/p>\t\t\t\t\t\t<\/div>\n\t\t\t\t<\/div>\n\t\t\t\t<div class=\"elementor-element elementor-element-55a4df3 elementor-widget elementor-widget-image\" data-id=\"55a4df3\" data-element_type=\"widget\" data-widget_type=\"image.default\">\n\t\t\t\t<div class=\"elementor-widget-container\">\n\t\t\t<style>\/*! elementor - v3.6.6 - 08-06-2022 *\/\n.elementor-widget-image{text-align:center}.elementor-widget-image a{display:inline-block}.elementor-widget-image a img[src$=\".svg\"]{width:48px}.elementor-widget-image img{vertical-align:middle;display:inline-block}<\/style>\t\t\t\t\t\t\t\t\t\t\t\t<img loading=\"lazy\" decoding=\"async\" width=\"373\" height=\"235\" src=\"https:\/\/www.ektor.com.br\/site\/wp-content\/uploads\/2022\/01\/logo.png\" class=\"attachment-full size-full\" alt=\"\" srcset=\"https:\/\/www.ektor.com.br\/site\/wp-content\/uploads\/2022\/01\/logo.png 373w, https:\/\/www.ektor.com.br\/site\/wp-content\/uploads\/2022\/01\/logo-300x189.png 300w, https:\/\/www.ektor.com.br\/site\/wp-content\/uploads\/2022\/01\/logo-160x101.png 160w\" sizes=\"auto, (max-width: 373px) 100vw, 373px\" \/>\t\t\t\t\t\t\t\t\t\t\t\t\t\t\t<\/div>\n\t\t\t\t<\/div>\n\t\t\t\t\t<\/div>\n\t\t<\/div>\n\t\t\t\t<div class=\"elementor-column elementor-col-50 elementor-top-column elementor-element elementor-element-683e290\" data-id=\"683e290\" data-element_type=\"column\">\n\t\t\t<div class=\"elementor-widget-wrap elementor-element-populated\">\n\t\t\t\t\t\t\t\t<div class=\"elementor-element elementor-element-c341575 elementor-widget elementor-widget-shortcode\" data-id=\"c341575\" data-element_type=\"widget\" data-widget_type=\"shortcode.default\">\n\t\t\t\t<div class=\"elementor-widget-container\">\n\t\t\t\t\t<div class=\"elementor-shortcode\"><div role=\"form\" class=\"wpcf7\" id=\"wpcf7-f2492-o1\" lang=\"pt-BR\" dir=\"ltr\">\n<div class=\"screen-reader-response\"><p role=\"status\" aria-live=\"polite\" aria-atomic=\"true\"><\/p> <ul><\/ul><\/div>\n<form action=\"\/site\/wp-json\/wp\/v2\/pages\/2489#wpcf7-f2492-o1\" method=\"post\" class=\"wpcf7-form init\" enctype=\"multipart\/form-data\" novalidate=\"novalidate\" data-status=\"init\">\n<div style=\"display: none;\">\n<input type=\"hidden\" name=\"_wpcf7\" value=\"2492\" \/>\n<input type=\"hidden\" name=\"_wpcf7_version\" value=\"5.6\" \/>\n<input type=\"hidden\" name=\"_wpcf7_locale\" value=\"pt_BR\" \/>\n<input type=\"hidden\" name=\"_wpcf7_unit_tag\" value=\"wpcf7-f2492-o1\" \/>\n<input type=\"hidden\" name=\"_wpcf7_container_post\" value=\"0\" \/>\n<input type=\"hidden\" name=\"_wpcf7_posted_data_hash\" value=\"\" \/>\n<\/div>\n<p><label> Seu nome<br \/>\n    <span class=\"wpcf7-form-control-wrap\" data-name=\"nome\"><input type=\"text\" name=\"nome\" value=\"\" size=\"40\" class=\"wpcf7-form-control wpcf7-text wpcf7-validates-as-required\" aria-required=\"true\" aria-invalid=\"false\" \/><\/span> <\/label><\/p>\n<p><label> Seu e-mail<br \/>\n    <span class=\"wpcf7-form-control-wrap\" data-name=\"email\"><input type=\"email\" name=\"email\" value=\"\" size=\"40\" class=\"wpcf7-form-control wpcf7-text wpcf7-email wpcf7-validates-as-required wpcf7-validates-as-email\" aria-required=\"true\" aria-invalid=\"false\" \/><\/span> <\/label><\/p>\n<p><label> Cargo pretendido<br \/>\n<span class=\"wpcf7-form-control-wrap\" data-name=\"cargo\"><select name=\"cargo\" class=\"wpcf7-form-control wpcf7-select\" aria-invalid=\"false\"><option value=\"Ajudante de Materiais\">Ajudante de Materiais<\/option><option value=\"Almoxarife\">Almoxarife<\/option><option value=\"Assistente Administrativo\">Assistente Administrativo<\/option><option value=\"Assistente de Planejamento\">Assistente de Planejamento<\/option><option value=\"Auxiliar de Administra\u00e7\u00e3o\">Auxiliar de Administra\u00e7\u00e3o<\/option><option value=\"Auxiliar de Documenta\u00e7\u00e3o\">Auxiliar de Documenta\u00e7\u00e3o<\/option><option value=\"Auxiliar de Pintura\">Auxiliar de Pintura<\/option><option value=\"Auxiliar de Planejamento\">Auxiliar de Planejamento<\/option><option value=\"Auxiliar de Seguran\u00e7a\">Auxiliar de Seguran\u00e7a<\/option><option value=\"Auxiliar de Servi\u00e7os Gerais\">Auxiliar de Servi\u00e7os Gerais<\/option><option value=\"Auxiliar de Servi\u00e7os Gerais Log\u00edstica \/ Munck\">Auxiliar de Servi\u00e7os Gerais Log\u00edstica \/ Munck<\/option><option value=\"Auxiliar T\u00e9cnico de CQ\">Auxiliar T\u00e9cnico de CQ<\/option><option value=\"Caldeireiro\">Caldeireiro<\/option><option value=\"Caldeireiro Alpinista\">Caldeireiro Alpinista<\/option><option value=\"Coordenador de Contrato\">Coordenador de Contrato<\/option><option value=\"Diretor\">Diretor<\/option><option value=\"Eletricista Alpinista N1\">Eletricista Alpinista N1<\/option><option value=\"Eletricista de Manuten\u00e7\u00e3o\">Eletricista de Manuten\u00e7\u00e3o<\/option><option value=\"Encarregado de Andaime\">Encarregado de Andaime<\/option><option value=\"Encarregado de Caldeiraria\">Encarregado de Caldeiraria<\/option><option value=\"Encarregado de Isolamento\">Encarregado de Isolamento<\/option><option value=\"Encarregado de Pintura\">Encarregado de Pintura<\/option><option value=\"Encarregado de Solda\">Encarregado de Solda<\/option><option value=\"Engenheiro Gerente de Obra\">Engenheiro Gerente de Obra<\/option><option value=\"Ferramenteiro\">Ferramenteiro<\/option><option value=\"Hidrojatista\">Hidrojatista<\/option><option value=\"Inspetor de Alpinismo\">Inspetor de Alpinismo<\/option><option value=\"Inspetor de Equipamentos\">Inspetor de Equipamentos<\/option><option value=\"Inspetor de Equipamentos LP\">Inspetor de Equipamentos LP<\/option><option value=\"Inspetor de Equipamentos ME\">Inspetor de Equipamentos ME<\/option><option value=\"Inspetor de Equipamentos PM\">Inspetor de Equipamentos PM<\/option><option value=\"Inspetor de Pintura Alpinista\">Inspetor de Pintura Alpinista<\/option><option value=\"Inspetor de Qualidade\">Inspetor de Qualidade<\/option><option value=\"Inspetor de Solda N1\">Inspetor de Solda N1<\/option><option value=\"Isolador t\u00e9rmico\">Isolador t\u00e9rmico<\/option><option value=\"Isolador t\u00e9rmico Alpinista\">Isolador t\u00e9rmico Alpinista<\/option><option value=\"L\u00edder Andaime\">L\u00edder Andaime<\/option><option value=\"Mec\u00e2nico de V\u00e1lvula\">Mec\u00e2nico de V\u00e1lvula<\/option><option value=\"Meio Oficial\">Meio Oficial<\/option><option value=\"Montador de Andaime\">Montador de Andaime<\/option><option value=\"Motorista de Munck\">Motorista de Munck<\/option><option value=\"Motorista de Van\">Motorista de Van<\/option><option value=\"Operador de Hidrojato\">Operador de Hidrojato<\/option><option value=\"Pedreiro\">Pedreiro<\/option><option value=\"Pintor Alpinista N1\">Pintor Alpinista N1<\/option><option value=\"Pintor Industrial\">Pintor Industrial<\/option><option value=\"Pintor Jatista\">Pintor Jatista<\/option><option value=\"Refratarista\">Refratarista<\/option><option value=\"Soldador Alpinista\">Soldador Alpinista<\/option><option value=\"Soldador TIG \/ ER\">Soldador TIG \/ ER<\/option><option value=\"Supervisor de Hidrocorte\">Supervisor de Hidrocorte<\/option><option value=\"Supervisor de Pintura\">Supervisor de Pintura<\/option><option value=\"Supervisor Geral\">Supervisor Geral<\/option><option value=\"Supervisor Geral\">Supervisor Geral<\/option><option value=\"Supervisor N3 Alpinismo\">Supervisor N3 Alpinismo<\/option><option value=\"T\u00e9cnico de Materiais\">T\u00e9cnico de Materiais<\/option><option value=\"T\u00e9cnico em Documenta\u00e7\u00e3o\">T\u00e9cnico em Documenta\u00e7\u00e3o<\/option><option value=\"T\u00e9cnico em Seguran\u00e7a do Trabalho\">T\u00e9cnico em Seguran\u00e7a do Trabalho<\/option><option value=\"T\u00e9cnico Planejamento\">T\u00e9cnico Planejamento<\/option><\/select><\/span><br \/>\n     <\/label><\/p>\n<p><label> Curriculo (arquivo do seu curriculo)<br \/>\n<span class=\"wpcf7-form-control-wrap\" data-name=\"fupArquivo\"><input type=\"file\" name=\"fupArquivo\" size=\"40\" class=\"wpcf7-form-control wpcf7-file\" accept=\".pdf,.txt,.doc,.docx,.ppt\" aria-invalid=\"false\" \/><\/span> <\/label><\/p>\n<p><label> Sua mensagem (opcional)<br \/>\n    <span class=\"wpcf7-form-control-wrap\" data-name=\"mensagem\"><textarea name=\"mensagem\" cols=\"40\" rows=\"10\" class=\"wpcf7-form-control wpcf7-textarea\" aria-invalid=\"false\"><\/textarea><\/span> <\/label><\/p>\n<p><input type=\"submit\" value=\"Enviar\" class=\"wpcf7-form-control has-spinner wpcf7-submit\" \/><\/p>\n<div class=\"wpcf7-response-output\" aria-hidden=\"true\"><\/div><\/form><\/div><\/div>\n\t\t\t\t<\/div>\n\t\t\t\t<\/div>\n\t\t\t\t\t<\/div>\n\t\t<\/div>\n\t\t\t\t\t\t\t<\/div>\n\t\t<\/section>\n\t\t\t\t\t\t\t<\/div>\n\t\t","protected":false},"excerpt":{"rendered":"<p>Trabalhe conosco Fa\u00e7a parte do nosso time de colaboradores.Envie-nos seu curriculo para vaga desejada.No campo mensagem, fa\u00e7a sua apresenta\u00e7\u00e3o.Essa ficha ser\u00e1 remetida para o email:recrutamento@ektor.com.br<\/p>\n","protected":false},"author":1,"featured_media":0,"parent":0,"menu_order":0,"comment_status":"closed","ping_status":"closed","template":"","meta":{"site-sidebar-layout":"no-sidebar","site-content-layout":"page-builder","ast-global-header-display":"","ast-main-header-display":"","ast-hfb-above-header-display":"","ast-hfb-below-header-display":"","ast-hfb-mobile-header-display":"","site-post-title":"disabled","ast-breadcrumbs-content":"","ast-featured-img":"disabled","footer-sml-layout":"","theme-transparent-header-meta":"","adv-header-id-meta":"","stick-header-meta":"","header-above-stick-meta":"","header-main-stick-meta":"","header-below-stick-meta":"","footnotes":""},"class_list":["post-2489","page","type-page","status-publish","hentry"],"_links":{"self":[{"href":"https:\/\/www.ektor.com.br\/site\/wp-json\/wp\/v2\/pages\/2489","targetHints":{"allow":["GET"]}}],"collection":[{"href":"https:\/\/www.ektor.com.br\/site\/wp-json\/wp\/v2\/pages"}],"about":[{"href":"https:\/\/www.ektor.com.br\/site\/wp-json\/wp\/v2\/types\/page"}],"author":[{"embeddable":true,"href":"https:\/\/www.ektor.com.br\/site\/wp-json\/wp\/v2\/users\/1"}],"replies":[{"embeddable":true,"href":"https:\/\/www.ektor.com.br\/site\/wp-json\/wp\/v2\/comments?post=2489"}],"version-history":[{"count":46,"href":"https:\/\/www.ektor.com.br\/site\/wp-json\/wp\/v2\/pages\/2489\/revisions"}],"predecessor-version":[{"id":3376,"href":"https:\/\/www.ektor.com.br\/site\/wp-json\/wp\/v2\/pages\/2489\/revisions\/3376"}],"wp:attachment":[{"href":"https:\/\/www.ektor.com.br\/site\/wp-json\/wp\/v2\/media?parent=2489"}],"curies":[{"name":"wp","href":"https:\/\/api.w.org\/{rel}","templated":true}]}}